{"id":3476,"date":"2021-03-24T13:14:12","date_gmt":"2021-03-24T12:14:12","guid":{"rendered":"https:\/\/datviet.fr\/vente-paris\/?post_type=product&#038;p=3476"},"modified":"2021-08-16T19:03:33","modified_gmt":"2021-08-16T17:03:33","slug":"che-do-den","status":"publish","type":"product","link":"https:\/\/datviet.fr\/vente-paris\/produit\/che-do-den\/","title":{"rendered":"Che Do den"},"content":{"rendered":"<p>Dessert de haricots noirs, lait de coco, cacahu\u00e8tes et noix de coco s\u00e9ch\u00e9e<\/p>\n","protected":false},"excerpt":{"rendered":"<p>Dessert de haricots noirs, lait de coco, cacahu\u00e8tes et noix [&hellip;]<\/p>\n","protected":false},"featured_media":3631,"template":"","meta":[],"class_list":["post-3476","product","type-product","status-publish","has-post-thumbnail","hentry","product_cat-desserts"],"_links":{"self":[{"href":"https:\/\/datviet.fr\/vente-paris\/wp-json\/wp\/v2\/product\/3476","targetHints":{"allow":["GET"]}}],"collection":[{"href":"https:\/\/datviet.fr\/vente-paris\/wp-json\/wp\/v2\/product"}],"about":[{"href":"https:\/\/datviet.fr\/vente-paris\/wp-json\/wp\/v2\/types\/product"}],"wp:featuredmedia":[{"embeddable":true,"href":"https:\/\/datviet.fr\/vente-paris\/wp-json\/wp\/v2\/media\/3631"}],"wp:attachment":[{"href":"https:\/\/datviet.fr\/vente-paris\/wp-json\/wp\/v2\/media?parent=3476"}],"curies":[{"name":"wp","href":"https:\/\/api.w.org\/{rel}","templated":true}]}}