{"id":3465,"date":"2021-03-24T13:13:38","date_gmt":"2021-03-24T12:13:38","guid":{"rendered":"https:\/\/datviet.fr\/vente-paris\/?post_type=product&#038;p=3465"},"modified":"2021-06-05T12:18:53","modified_gmt":"2021-06-05T10:18:53","slug":"poulet-grille-a-la-citronnelle","status":"publish","type":"product","link":"https:\/\/datviet.fr\/vente-paris\/produit\/poulet-grille-a-la-citronnelle\/","title":{"rendered":"Poulet grill\u00e9 \u00e0 la citronnelle"},"content":{"rendered":"<p>Cuisse de poulet fermier d\u00e9soss\u00e9e grill\u00e9e \u00e0 la citronnelle, servie avec du riz et des l\u00e9gumes de saison<\/p>\n","protected":false},"excerpt":{"rendered":"<p>Cuisse de poulet fermier d\u00e9soss\u00e9e grill\u00e9e \u00e0 la citronnelle, servie [&hellip;]<\/p>\n","protected":false},"featured_media":3594,"template":"","meta":[],"class_list":["post-3465","product","type-product","status-publish","has-post-thumbnail","hentry","product_cat-riz"],"_links":{"self":[{"href":"https:\/\/datviet.fr\/vente-paris\/wp-json\/wp\/v2\/product\/3465","targetHints":{"allow":["GET"]}}],"collection":[{"href":"https:\/\/datviet.fr\/vente-paris\/wp-json\/wp\/v2\/product"}],"about":[{"href":"https:\/\/datviet.fr\/vente-paris\/wp-json\/wp\/v2\/types\/product"}],"wp:featuredmedia":[{"embeddable":true,"href":"https:\/\/datviet.fr\/vente-paris\/wp-json\/wp\/v2\/media\/3594"}],"wp:attachment":[{"href":"https:\/\/datviet.fr\/vente-paris\/wp-json\/wp\/v2\/media?parent=3465"}],"curies":[{"name":"wp","href":"https:\/\/api.w.org\/{rel}","templated":true}]}}