{"id":3461,"date":"2021-03-24T13:13:37","date_gmt":"2021-03-24T12:13:37","guid":{"rendered":"https:\/\/datviet.fr\/vente-paris\/?post_type=product&#038;p=3461"},"modified":"2021-07-19T19:44:29","modified_gmt":"2021-07-19T17:44:29","slug":"bun-cha-la-lot-avec-nem-aux-legumes","status":"publish","type":"product","link":"https:\/\/datviet.fr\/vente-paris\/produit\/bun-cha-la-lot-avec-nem-aux-legumes\/","title":{"rendered":"Bun Cha la lot avec nem aux l\u00e9gumes"},"content":{"rendered":"<p>Vermicelles de riz, crudit\u00e9s, boulette de porc roul\u00e9e dans la\u00a0 feuille \u00ab\u00a0Lot\u00a0\u00bb, nem aux l\u00e9gumes, cacahu\u00e8tes, oignons frits et sauce \u00ab\u00a0nuoc mam\u00a0\u00bb<\/p>\n","protected":false},"excerpt":{"rendered":"<p>Vermicelles de riz, crudit\u00e9s, boulette de porc roul\u00e9e dans la\u00a0 [&hellip;]<\/p>\n","protected":false},"featured_media":3610,"template":"","meta":[],"class_list":["post-3461","product","type-product","status-publish","has-post-thumbnail","hentry","product_cat-bobundatviet"],"_links":{"self":[{"href":"https:\/\/datviet.fr\/vente-paris\/wp-json\/wp\/v2\/product\/3461","targetHints":{"allow":["GET"]}}],"collection":[{"href":"https:\/\/datviet.fr\/vente-paris\/wp-json\/wp\/v2\/product"}],"about":[{"href":"https:\/\/datviet.fr\/vente-paris\/wp-json\/wp\/v2\/types\/product"}],"wp:featuredmedia":[{"embeddable":true,"href":"https:\/\/datviet.fr\/vente-paris\/wp-json\/wp\/v2\/media\/3610"}],"wp:attachment":[{"href":"https:\/\/datviet.fr\/vente-paris\/wp-json\/wp\/v2\/media?parent=3461"}],"curies":[{"name":"wp","href":"https:\/\/api.w.org\/{rel}","templated":true}]}}