{"id":3458,"date":"2021-03-24T13:13:37","date_gmt":"2021-03-24T12:13:37","guid":{"rendered":"https:\/\/datviet.fr\/vente-paris\/?post_type=product&#038;p=3458"},"modified":"2021-05-01T08:44:06","modified_gmt":"2021-05-01T06:44:06","slug":"vitbun-canard-roti-avec-nem-au-porc","status":"publish","type":"product","link":"https:\/\/datviet.fr\/vente-paris\/produit\/vitbun-canard-roti-avec-nem-au-porc\/","title":{"rendered":"Vitbun canard r\u00f4ti avec nem au porc"},"content":{"rendered":"<p>Vermicelles de riz, crudit\u00e9s, canard r\u00f4ti, nem au porc, cacahu\u00e8tes, oignons frits et sauce \u00ab\u00a0nuoc mam\u00a0\u00bb<\/p>\n","protected":false},"excerpt":{"rendered":"<p>Vermicelles de riz, crudit\u00e9s, canard r\u00f4ti, nem au porc, cacahu\u00e8tes, [&hellip;]<\/p>\n","protected":false},"featured_media":3607,"template":"","meta":[],"class_list":["post-3458","product","type-product","status-publish","has-post-thumbnail","hentry","product_cat-bobundatviet"],"_links":{"self":[{"href":"https:\/\/datviet.fr\/vente-paris\/wp-json\/wp\/v2\/product\/3458","targetHints":{"allow":["GET"]}}],"collection":[{"href":"https:\/\/datviet.fr\/vente-paris\/wp-json\/wp\/v2\/product"}],"about":[{"href":"https:\/\/datviet.fr\/vente-paris\/wp-json\/wp\/v2\/types\/product"}],"wp:featuredmedia":[{"embeddable":true,"href":"https:\/\/datviet.fr\/vente-paris\/wp-json\/wp\/v2\/media\/3607"}],"wp:attachment":[{"href":"https:\/\/datviet.fr\/vente-paris\/wp-json\/wp\/v2\/media?parent=3458"}],"curies":[{"name":"wp","href":"https:\/\/api.w.org\/{rel}","templated":true}]}}