{"id":3457,"date":"2021-03-24T13:13:37","date_gmt":"2021-03-24T12:13:37","guid":{"rendered":"https:\/\/datviet.fr\/vente-paris\/?post_type=product&#038;p=3457"},"modified":"2021-08-16T19:03:43","modified_gmt":"2021-08-16T17:03:43","slug":"tombun-crevettes-avec-nem-aux-legumes","status":"publish","type":"product","link":"https:\/\/datviet.fr\/vente-paris\/produit\/tombun-crevettes-avec-nem-aux-legumes\/","title":{"rendered":"Tombun crevettes avec nem aux l\u00e9gumes"},"content":{"rendered":"<p>Vermicelles de riz, crudit\u00e9s, crevettes saut\u00e9es, nem aux l\u00e9gumes, cacahu\u00e8tes, oignons frits et sauce \u00ab\u00a0nuoc mam\u00a0\u00bb<\/p>\n","protected":false},"excerpt":{"rendered":"<p>Vermicelles de riz, crudit\u00e9s, crevettes saut\u00e9es, nem aux l\u00e9gumes, cacahu\u00e8tes, [&hellip;]<\/p>\n","protected":false},"featured_media":3602,"template":"","meta":[],"class_list":["post-3457","product","type-product","status-publish","has-post-thumbnail","hentry","product_cat-bobundatviet"],"_links":{"self":[{"href":"https:\/\/datviet.fr\/vente-paris\/wp-json\/wp\/v2\/product\/3457","targetHints":{"allow":["GET"]}}],"collection":[{"href":"https:\/\/datviet.fr\/vente-paris\/wp-json\/wp\/v2\/product"}],"about":[{"href":"https:\/\/datviet.fr\/vente-paris\/wp-json\/wp\/v2\/types\/product"}],"wp:featuredmedia":[{"embeddable":true,"href":"https:\/\/datviet.fr\/vente-paris\/wp-json\/wp\/v2\/media\/3602"}],"wp:attachment":[{"href":"https:\/\/datviet.fr\/vente-paris\/wp-json\/wp\/v2\/media?parent=3457"}],"curies":[{"name":"wp","href":"https:\/\/api.w.org\/{rel}","templated":true}]}}