{"id":3453,"date":"2021-03-24T13:13:36","date_gmt":"2021-03-24T12:13:36","guid":{"rendered":"https:\/\/datviet.fr\/vente-paris\/?post_type=product&#038;p=3453"},"modified":"2021-08-16T19:06:11","modified_gmt":"2021-08-16T17:06:11","slug":"gabun-poulet-avec-nem-aux-legumes","status":"publish","type":"product","link":"https:\/\/datviet.fr\/vente-paris\/produit\/gabun-poulet-avec-nem-aux-legumes\/","title":{"rendered":"Gabun poulet avec nem aux l\u00e9gumes"},"content":{"rendered":"<p>Vermicelles de riz, crudit\u00e9s, poulet grill\u00e9 \u00e0 la citronnelle, nem aux l\u00e9gumes, cacahu\u00e8tes, oignons frits et sauce \u00ab\u00a0nuoc mam\u00a0\u00bb<\/p>\n","protected":false},"excerpt":{"rendered":"<p>Vermicelles de riz, crudit\u00e9s, poulet grill\u00e9 \u00e0 la citronnelle, nem [&hellip;]<\/p>\n","protected":false},"featured_media":3618,"template":"","meta":[],"class_list":["post-3453","product","type-product","status-publish","has-post-thumbnail","hentry","product_cat-bobundatviet"],"_links":{"self":[{"href":"https:\/\/datviet.fr\/vente-paris\/wp-json\/wp\/v2\/product\/3453","targetHints":{"allow":["GET"]}}],"collection":[{"href":"https:\/\/datviet.fr\/vente-paris\/wp-json\/wp\/v2\/product"}],"about":[{"href":"https:\/\/datviet.fr\/vente-paris\/wp-json\/wp\/v2\/types\/product"}],"wp:featuredmedia":[{"embeddable":true,"href":"https:\/\/datviet.fr\/vente-paris\/wp-json\/wp\/v2\/media\/3618"}],"wp:attachment":[{"href":"https:\/\/datviet.fr\/vente-paris\/wp-json\/wp\/v2\/media?parent=3453"}],"curies":[{"name":"wp","href":"https:\/\/api.w.org\/{rel}","templated":true}]}}