{"id":3452,"date":"2021-03-24T13:13:36","date_gmt":"2021-03-24T12:13:36","guid":{"rendered":"https:\/\/datviet.fr\/vente-paris\/?post_type=product&#038;p=3452"},"modified":"2021-07-18T14:06:32","modified_gmt":"2021-07-18T12:06:32","slug":"gabun-poulet-avec-nem-au-porc","status":"publish","type":"product","link":"https:\/\/datviet.fr\/vente-paris\/produit\/gabun-poulet-avec-nem-au-porc\/","title":{"rendered":"Gabun poulet avec nem au porc"},"content":{"rendered":"<p>Vermicelles de riz, crudit\u00e9s, poulet grill\u00e9 \u00e0 la citronnelle, nem au porc, cacahu\u00e8tes, oignons frits et sauce \u00ab\u00a0nuoc mam\u00a0\u00bb<\/p>\n","protected":false},"excerpt":{"rendered":"<p>Vermicelles de riz, crudit\u00e9s, poulet grill\u00e9 \u00e0 la citronnelle, nem [&hellip;]<\/p>\n","protected":false},"featured_media":3617,"template":"","meta":[],"class_list":["post-3452","product","type-product","status-publish","has-post-thumbnail","hentry","product_cat-bobundatviet"],"_links":{"self":[{"href":"https:\/\/datviet.fr\/vente-paris\/wp-json\/wp\/v2\/product\/3452","targetHints":{"allow":["GET"]}}],"collection":[{"href":"https:\/\/datviet.fr\/vente-paris\/wp-json\/wp\/v2\/product"}],"about":[{"href":"https:\/\/datviet.fr\/vente-paris\/wp-json\/wp\/v2\/types\/product"}],"wp:featuredmedia":[{"embeddable":true,"href":"https:\/\/datviet.fr\/vente-paris\/wp-json\/wp\/v2\/media\/3617"}],"wp:attachment":[{"href":"https:\/\/datviet.fr\/vente-paris\/wp-json\/wp\/v2\/media?parent=3452"}],"curies":[{"name":"wp","href":"https:\/\/api.w.org\/{rel}","templated":true}]}}