{"id":3451,"date":"2021-03-24T13:13:36","date_gmt":"2021-03-24T12:13:36","guid":{"rendered":"https:\/\/datviet.fr\/vente-paris\/?post_type=product&#038;p=3451"},"modified":"2021-08-16T19:04:30","modified_gmt":"2021-08-16T17:04:30","slug":"bobun-boeuf-avec-nem-aux-legumes","status":"publish","type":"product","link":"https:\/\/datviet.fr\/vente-paris\/produit\/bobun-boeuf-avec-nem-aux-legumes\/","title":{"rendered":"Bobun boeuf avec nem aux l\u00e9gumes"},"content":{"rendered":"<p>Vermicelles de riz, crudit\u00e9s, boeuf saut\u00e9, nem aux l\u00e9gumes, cacahu\u00e8tes, oignons frits et sauce \u00ab\u00a0nuoc mam\u00a0\u00bb<\/p>\n","protected":false},"excerpt":{"rendered":"<p>Vermicelles de riz, crudit\u00e9s, boeuf saut\u00e9, nem aux l\u00e9gumes, cacahu\u00e8tes, [&hellip;]<\/p>\n","protected":false},"featured_media":3614,"template":"","meta":[],"class_list":["post-3451","product","type-product","status-publish","has-post-thumbnail","hentry","product_cat-bobundatviet"],"_links":{"self":[{"href":"https:\/\/datviet.fr\/vente-paris\/wp-json\/wp\/v2\/product\/3451","targetHints":{"allow":["GET"]}}],"collection":[{"href":"https:\/\/datviet.fr\/vente-paris\/wp-json\/wp\/v2\/product"}],"about":[{"href":"https:\/\/datviet.fr\/vente-paris\/wp-json\/wp\/v2\/types\/product"}],"wp:featuredmedia":[{"embeddable":true,"href":"https:\/\/datviet.fr\/vente-paris\/wp-json\/wp\/v2\/media\/3614"}],"wp:attachment":[{"href":"https:\/\/datviet.fr\/vente-paris\/wp-json\/wp\/v2\/media?parent=3451"}],"curies":[{"name":"wp","href":"https:\/\/api.w.org\/{rel}","templated":true}]}}