{"id":3438,"date":"2021-03-24T13:13:35","date_gmt":"2021-03-24T12:13:35","guid":{"rendered":"https:\/\/datviet.fr\/vente-paris\/?post_type=product&#038;p=3438"},"modified":"2021-08-16T19:07:07","modified_gmt":"2021-08-16T17:07:07","slug":"nems-legumes-dat-viet","status":"publish","type":"product","link":"https:\/\/datviet.fr\/vente-paris\/produit\/nems-legumes-dat-viet\/","title":{"rendered":"Nems l\u00e9gumes Dat Viet"},"content":{"rendered":"<p>4 petits nems aux l\u00e9gumes avec salade verte et menthe fra\u00eeche<\/p>\n","protected":false},"excerpt":{"rendered":"<p>4 petits nems aux l\u00e9gumes avec salade verte et menthe [&hellip;]<\/p>\n","protected":false},"featured_media":3667,"template":"","meta":[],"class_list":["post-3438","product","type-product","status-publish","has-post-thumbnail","hentry","product_cat-entrees"],"_links":{"self":[{"href":"https:\/\/datviet.fr\/vente-paris\/wp-json\/wp\/v2\/product\/3438","targetHints":{"allow":["GET"]}}],"collection":[{"href":"https:\/\/datviet.fr\/vente-paris\/wp-json\/wp\/v2\/product"}],"about":[{"href":"https:\/\/datviet.fr\/vente-paris\/wp-json\/wp\/v2\/types\/product"}],"wp:featuredmedia":[{"embeddable":true,"href":"https:\/\/datviet.fr\/vente-paris\/wp-json\/wp\/v2\/media\/3667"}],"wp:attachment":[{"href":"https:\/\/datviet.fr\/vente-paris\/wp-json\/wp\/v2\/media?parent=3438"}],"curies":[{"name":"wp","href":"https:\/\/api.w.org\/{rel}","templated":true}]}}